{"id":395,"date":"2023-09-20T08:48:27","date_gmt":"2023-09-20T08:48:27","guid":{"rendered":"https:\/\/www.toscano-osteopathy.com\/?page_id=395"},"modified":"2023-09-29T08:39:30","modified_gmt":"2023-09-29T08:39:30","slug":"wat-is-osteopathie","status":"publish","type":"page","link":"https:\/\/www.toscano-osteopathy.com\/nl\/osteopathy\/","title":{"rendered":"Osteopathie"},"content":{"rendered":"<section class=\"bde-section-395-100 bde-section\">\n              \n  \n  \n\t\n\n  <div class=\"section-background-overlay\"><\/div>\n\n\n<div class=\"section-container\"><h2 class=\"bde-heading-395-101 bde-heading\" data-entrance=\"slideUp\">\nOver Osteopathie\n<\/h2><\/div>\n<\/section><section id=\"voordelen\" class=\"bde-section-395-102 bde-section\">\n  \n  \n\t\n\n\n\n<div class=\"section-container\"><h1 class=\"bde-heading-395-103 bde-heading\">\nWat is osteopathie?\n<\/h1><div class=\"bde-text-395-106 bde-text\">\nOsteopathie is in Groot-Brittanni\u00eb een zeer gerespecteerde en gewilde medische professional binnen de eerstelijnsgezondheidszorg. De afgelopen jaren is er in heel Europa sprake van een steeds grotere populariteit<br><br>Osteopathie is een gevestigd en erkend systeem voor diagnose en behandeling van een breed scala aan medische aandoeningen. Het legt de nadruk op de structurele integriteit van het lichaam om de best mogelijke werking en gezondheid te garanderen.<br><br>De osteopaat begrijpt dat de structuur van uw lichaam ook goed moet werken om goed te kunnen functioneren. Osteopaten werken er dus aan om uw lichaam weer in evenwicht te brengen, waar mogelijk zonder het gebruik van medicijnen of operaties, en om niet alleen de symptomen te behandelen, maar ook de  verloop van de symptomen. <br><br>De behandeling bestaat uit het gebruik van manuele technieken die uw lichaam zullen helpen de beweeglijkheid van de gewrichten aan te passen en te vergroten, de spierspanning te verlichten en de bloed- en zenuw -toevoer naar de weefsels te verbeteren.  Al deze veranderingen zijn noodzakelijke vereisten voor de genezingsmechanismen van uw lichaam. Deze unieke manier van beoordelen en behandelen van de persoon zorgt voor een brede en holistische aanpak bij het herstel van de gezondheid.<br><br>Leeftijd is geen barri\u00e8re voor osteopathie, omdat elke pati\u00ebnt individueel wordt beoordeeld en de behandeling wordt afgestemd op de aanwezige symptomen en behoeften van de pati\u00ebnt.   \n<\/div><\/div>\n<\/section><section class=\"bde-section-395-111 bde-section\">\n  \n  \n\t\n\n\n\n<div class=\"section-container\"><div class=\"bde-text-395-112 bde-text\">\nOsteopathie bevordert de gezondheid en voorkomt dat symptomen opnieuw optreden!\n<\/div><\/div>\n<\/section><section class=\"bde-section-395-113 bde-section\">\n  \n  \n\t\n\n\n\n<div class=\"section-container\"><h2 class=\"bde-heading-395-114 bde-heading\">\nReikwijdte van Osteopathie \n<\/h2><div class=\"bde-rich-text-395-116 bde-rich-text breakdance-rich-text-styles\">\n<p>het doel is om pijn te verminderen, de gezondheid en mobiliteit te verbeteren en advies te geven over gezondheid, levensstijl en correcte lichaam mechanica voor de sportliefhebber.<\/p><ul><li><p>In Osteopathie zoeken wij naar <u>OPLOSSINGEN<\/u> voor uw rug-, heup-, schouder- of andere gewrichtspijn.<br><\/p><\/li><li><p>Osteopathie kan <u>VERLICHTING<\/u> bieden bij artritis en reumatische pijnen, hoofdpijn, spierspanningen, ischias en neuralgie\u00ebn. <br><\/p><\/li><li><p>Osteopathie behandeling biedt een <u>EFFECTIEVE en HOLISTISCHE<\/u> behandeling voor astma, spijsverterings- en bloedsomloop klachten.<\/p><\/li><\/ul>\n<\/div><\/div>\n<\/section><section class=\"bde-section-395-117 bde-section\">\n  \n  \n\t\n\n\n\n<div class=\"section-container\"><div class=\"bde-columns-395-120 bde-columns\"><div class=\"bde-column-395-121 bde-column\">\n  \n  \n\t\n\n\n\n<div class=\"bde-image-395-124 bde-image\">\n<figure class=\"breakdance-image breakdance-image--400\">\n\t<div class=\"breakdance-image-container\">\n\t\t<div class=\"breakdance-image-clip\"><img loading=\"lazy\" decoding=\"async\" class=\"breakdance-image-object\" src=\"https:\/\/www.toscano-osteopathy.com\/wp-content\/uploads\/2023\/09\/spine.jpg\" width=\"287\" height=\"414\" sizes=\"auto, (max-width: 287px) 100vw, 287px\"><\/div>\n\t<\/div><\/figure>\n\n<\/div>\n<\/div><div class=\"bde-column-395-122 bde-column\">\n  \n  \n\t\n\n\n\n<h2 class=\"bde-heading-395-118 bde-heading\">\nHet belang van de ruggengraat\n<\/h2><div class=\"bde-text-395-123 bde-text\">\nDe wervelkolom is belangrijk bij een osteopathische behandeling, omdat het samen met het bekken mogelijk de zwakste structuur van het menselijke skelet is.                                    <br>Het is een verticale botstructuur die bestaat uit een reeks wervels die met elkaar verbonden zijn en een nauwe verbinding vormen met de schedel, de ribben en het bekken. Er zijn 102 verbindingen die allemaal zijn blootgesteld aan de onvermijdelijke constante zwaartekracht. Daarom zijn sommige delen van de wervelkolom duidelijke zwakktepunten vanwege hun anatomische en mechanische rol binnen een dergelijke complexe structuur.<br><br>De wervelkolom moet niet alleen het lichaam in rechtopstaande positie ondersteunen, maar moet ook bestand zijn tegen alle fysieke belastingen en spanningen van een leven en een perfecte bewegingsvrijheid in alle richtingen mogelijk maken.<br><br>De effecten van houding en zwaartekracht lijn zijn voor de osteopaat van groot belang. Een gedetailleerde medische geschiedenis, samen met een onderzoek van de wervelkolom en de evaluatie van het bekken en de houding, geeft de osteopaat alle noodzakelijke informatie om het probleem patroon van de pati\u00ebnt te diagnosticeren en te begrijpen.<br><br>Het is niet vergezocht om te zeggen dat gewrichten van een dergelijke structuur, met alle eisen die we eraan stellen in het leven, op een gegeven moment disfunctie zullen vertonen. <br><br>Elke verwonding aan de wervelkolom baart ons niet alleen zorgen vanwege de beperking en vermindering van de kwaliteit van de bewegingen, maar vooral vanwege de nabijheid van alle wervelgewrichten tot belangrijke zenuwcentra. Interferenties met welk deel van de wervelkolom dan ook zullen vatbaar zijn voor veranderde orgaan functie door een abnormale opstelling van reflectie naar het overeenkomstige niveau van het ruggenmerg.<br><br>\n<\/div>\n<\/div><\/div><\/div>\n<\/section><section class=\"bde-section-395-125 bde-section\">\n  \n  \n\t\n\n\n\n<div class=\"section-container\"><h2 class=\"bde-heading-395-130 bde-heading\">\nKLASSIEKE OSTEOPATHIE\n<\/h2><div class=\"bde-text-395-131 bde-text\">\nOsteopathie is geen manipulatie. De osteopathische laesie is fysiologisch en niet anatomisch. De sleutel hiervoor ligt in aanpassing, niet in correctie: dit is onmogelijk in een levend lichaam. Klinisch gezien wordt de actie gezamenlijk op alle lichaamsweefsels gericht, waarbij de ledematen worden gebruikt als lange hefbomen die met slechts milde articulatie naar de wervelkolom zijn gericht. Het is niet mogelijk om het abnormale aan het normale aan te passen, wat betekent dat lokale behandeling lokaal blijft zonder algemeen of blijvend effect. Dit kan alleen worden bereikt door een integratieproces dat begint op een punt verder dan het punt van de laesie, waardoor het letsel teruggaat van de uiteindelijke stoornis naar de oorspronkelijke stoornis.<br><br>Het verlies van integriteit en evenwicht in het lichaam is te wijten aan een onbalans tussen het centrale en sympathische zenuwstelsel en de juiste onderlinge relatie tussen de wetten van de statica en de dynamiek in het lichaam. Deze twee hoofdbronnen vormen de basis van de Klassieke Osteopathie.<br>\n<\/div><h2 class=\"bde-heading-395-135 bde-heading\">\nWAAROM KLASSIEKE OSTEOPATHIE?\n<\/h2><div class=\"bde-rich-text-395-137 bde-rich-text breakdance-rich-text-styles\">\n<p>Osteopathie voert ons terug naar de natuur, naar de lichaamsprocessen, naar de vitaliteit van het lichaam en de fysiologische oorzaken, fysiologische omstandigheden en fysiologische functies, en al deze, niet naar mystiek; we hebben een basis en baseren nog steeds onze theorie over osteopathie. <strong><em>J.M.Littlejohn<\/em><\/strong><\/p><p>Als we bereid zijn onze behandeling te benaderen met de concepten van de mechanisch-fysiologische relatie, zullen de effecten van onze behandeling de beperkingen van de gewone fysieke behandeling te boven gaan en ons aanmoedigen om onze reikwijdte van wat osteopathie kan doen te verbreden.<\/p><p>Osteopathie is een medisch systeem, waarbij het woord geneeskunde niet wordt gebruikt om medicijnen aan te duiden, maar om de wetenschap en kunst aan te duiden bij het behandelen van ziekten of verwondingen en de wetten die de praktijk ervan reguleren. <strong><em>J.M.Littlejohn<\/em><\/strong><\/p>\n<\/div><\/div>\n<\/section><section class=\"bde-section-395-133 bde-section\">\n  \n  \n\t\n\n\n\n<div class=\"section-container\"><div class=\"bde-text-395-132 bde-text\">\nOsteopathie onderscheidend in integrale gezondheidszorg\n<\/div><\/div>\n<\/section><section class=\"bde-section-395-138 bde-section\">\n  \n  \n\t\n\n\n\n<div class=\"section-container\"><div class=\"bde-gallery-395-140 bde-gallery\">\n\n\n\n\n\n\n\n\n\n\n\n\n\n<div class=\"ee-gallery ee-gallery--isotope ee-gallery--masonry ee-gallery-- ee-gallery--lightbox ee-gallery-- ee-gallery--caption- ee-gallery--caption-none ee-gallery--ratio\">\n                  \n      <a class=\"ee-gallery-item ee-gallery-item--image ee-gallery-item--single\" href=\"https:\/\/www.toscano-osteopathy.com\/wp-content\/uploads\/2023\/09\/about-osteopathy-02.jpg\"  data-sub-html=\"<span><\/span>\" data-category=\"1\"                  data-lg-size=\"649-768\"\n\n      >\n        <figure class=\"ee-gallery-item-figure\">\n                        <img loading=\"lazy\" decoding=\"async\" class=\"breakdance-image-object\" src=\"https:\/\/www.toscano-osteopathy.com\/wp-content\/uploads\/2023\/09\/about-osteopathy-02.jpg\" width=\"649\" height=\"768\" sizes=\"auto, (max-width: 649px) 100vw, 649px\">\n          \n                  <\/figure>\n      <\/a>\n\n                \n      <a class=\"ee-gallery-item ee-gallery-item--image ee-gallery-item--single\" href=\"https:\/\/www.toscano-osteopathy.com\/wp-content\/uploads\/2023\/09\/about-osteopathy-03.jpg\"  data-sub-html=\"<span><\/span>\" data-category=\"1\"                  data-lg-size=\"650-775\"\n\n      >\n        <figure class=\"ee-gallery-item-figure\">\n                        <img loading=\"lazy\" decoding=\"async\" class=\"breakdance-image-object\" src=\"https:\/\/www.toscano-osteopathy.com\/wp-content\/uploads\/2023\/09\/about-osteopathy-03.jpg\" width=\"650\" height=\"775\" sizes=\"auto, (max-width: 650px) 100vw, 650px\">\n          \n                  <\/figure>\n      <\/a>\n\n                \n      <a class=\"ee-gallery-item ee-gallery-item--image ee-gallery-item--single\" href=\"https:\/\/www.toscano-osteopathy.com\/wp-content\/uploads\/2023\/09\/about-osteopathy-04.jpg\"  data-sub-html=\"<span><\/span>\" data-category=\"1\"                  data-lg-size=\"656-900\"\n\n      >\n        <figure class=\"ee-gallery-item-figure\">\n                        <img loading=\"lazy\" decoding=\"async\" class=\"breakdance-image-object\" src=\"https:\/\/www.toscano-osteopathy.com\/wp-content\/uploads\/2023\/09\/about-osteopathy-04.jpg\" width=\"656\" height=\"900\" sizes=\"auto, (max-width: 656px) 100vw, 656px\">\n          \n                  <\/figure>\n      <\/a>\n\n                \n      <a class=\"ee-gallery-item ee-gallery-item--image ee-gallery-item--single\" href=\"https:\/\/www.toscano-osteopathy.com\/wp-content\/uploads\/2023\/09\/about-osteopathy-05.jpg\"  data-sub-html=\"<span><\/span>\" data-category=\"1\"                  data-lg-size=\"511-637\"\n\n      >\n        <figure class=\"ee-gallery-item-figure\">\n                        <img loading=\"lazy\" decoding=\"async\" class=\"breakdance-image-object\" src=\"https:\/\/www.toscano-osteopathy.com\/wp-content\/uploads\/2023\/09\/about-osteopathy-05.jpg\" width=\"511\" height=\"637\" sizes=\"auto, (max-width: 511px) 100vw, 511px\">\n          \n                  <\/figure>\n      <\/a>\n\n                \n      <a class=\"ee-gallery-item ee-gallery-item--image ee-gallery-item--single\" href=\"https:\/\/www.toscano-osteopathy.com\/wp-content\/uploads\/2023\/09\/about-osteopathy-06.jpg\"  data-sub-html=\"<span><\/span>\" data-category=\"1\"                  data-lg-size=\"1200-671\"\n\n      >\n        <figure class=\"ee-gallery-item-figure\">\n                        <img loading=\"lazy\" decoding=\"async\" class=\"breakdance-image-object\" src=\"https:\/\/www.toscano-osteopathy.com\/wp-content\/uploads\/2023\/09\/about-osteopathy-06.jpg\" width=\"1200\" height=\"671\" sizes=\"auto, (max-width: 1200px) 100vw, 1200px\">\n          \n                  <\/figure>\n      <\/a>\n\n                \n      <a class=\"ee-gallery-item ee-gallery-item--image ee-gallery-item--single\" href=\"https:\/\/www.toscano-osteopathy.com\/wp-content\/uploads\/2023\/09\/about-osteopathy-07.jpg\"  data-sub-html=\"<span><\/span>\" data-category=\"1\"                  data-lg-size=\"1200-722\"\n\n      >\n        <figure class=\"ee-gallery-item-figure\">\n                        <img loading=\"lazy\" decoding=\"async\" class=\"breakdance-image-object\" src=\"https:\/\/www.toscano-osteopathy.com\/wp-content\/uploads\/2023\/09\/about-osteopathy-07.jpg\" width=\"1200\" height=\"722\" sizes=\"auto, (max-width: 1200px) 100vw, 1200px\">\n          \n                  <\/figure>\n      <\/a>\n\n                \n      <a class=\"ee-gallery-item ee-gallery-item--image ee-gallery-item--single\" href=\"https:\/\/www.toscano-osteopathy.com\/wp-content\/uploads\/2023\/09\/about-osteopathy-08.jpg\"  data-sub-html=\"<span><\/span>\" data-category=\"1\"                  data-lg-size=\"1051-862\"\n\n      >\n        <figure class=\"ee-gallery-item-figure\">\n                        <img loading=\"lazy\" decoding=\"async\" class=\"breakdance-image-object\" src=\"https:\/\/www.toscano-osteopathy.com\/wp-content\/uploads\/2023\/09\/about-osteopathy-08.jpg\" width=\"1051\" height=\"862\" sizes=\"auto, (max-width: 1051px) 100vw, 1051px\">\n          \n                  <\/figure>\n      <\/a>\n\n                \n      <a class=\"ee-gallery-item ee-gallery-item--image ee-gallery-item--single\" href=\"https:\/\/www.toscano-osteopathy.com\/wp-content\/uploads\/2023\/09\/about-osteopathy-09.jpg\"  data-sub-html=\"<span><\/span>\" data-category=\"1\"                  data-lg-size=\"1200-746\"\n\n      >\n        <figure class=\"ee-gallery-item-figure\">\n                        <img loading=\"lazy\" decoding=\"async\" class=\"breakdance-image-object\" src=\"https:\/\/www.toscano-osteopathy.com\/wp-content\/uploads\/2023\/09\/about-osteopathy-09.jpg\" width=\"1200\" height=\"746\" sizes=\"auto, (max-width: 1200px) 100vw, 1200px\">\n          \n                  <\/figure>\n      <\/a>\n\n                \n      <a class=\"ee-gallery-item ee-gallery-item--image ee-gallery-item--single\" href=\"https:\/\/www.toscano-osteopathy.com\/wp-content\/uploads\/2023\/09\/about-osteopathy-10.jpg\"  data-sub-html=\"<span><\/span>\" data-category=\"1\"                  data-lg-size=\"992-661\"\n\n      >\n        <figure class=\"ee-gallery-item-figure\">\n                        <img loading=\"lazy\" decoding=\"async\" class=\"breakdance-image-object\" src=\"https:\/\/www.toscano-osteopathy.com\/wp-content\/uploads\/2023\/09\/about-osteopathy-10.jpg\" width=\"992\" height=\"661\" sizes=\"auto, (max-width: 992px) 100vw, 992px\">\n          \n                  <\/figure>\n      <\/a>\n\n      \n      <div class=\"ee-gallery-gutter\"><\/div>\n  <\/div>\n\n\n\n<\/div><\/div>\n<\/section>","protected":false},"excerpt":{"rendered":"<p>About osteopathy What is Osteopathy? Osteopathy in the UK is a well respected and sought-after medical profession within the primary healthcare system. An ever increasing popularity throughout Europe has been evident in recent years.Osteopathy is an established and recognised system of diagnosis and treatment for a wide range of medical conditions. It lays its main [&hellip;]<\/p>\n","protected":false},"author":1,"featured_media":0,"parent":0,"menu_order":0,"comment_status":"closed","ping_status":"closed","template":"","meta":{"_seopress_robots_primary_cat":"","_seopress_titles_title":"","_seopress_titles_desc":"","_seopress_robots_index":"","_breakdance_hide_in_design_set":false,"_breakdance_tags":"","footnotes":""},"class_list":["post-395","page","type-page","status-publish","hentry"],"_links":{"self":[{"href":"https:\/\/www.toscano-osteopathy.com\/nl\/wp-json\/wp\/v2\/pages\/395","targetHints":{"allow":["GET"]}}],"collection":[{"href":"https:\/\/www.toscano-osteopathy.com\/nl\/wp-json\/wp\/v2\/pages"}],"about":[{"href":"https:\/\/www.toscano-osteopathy.com\/nl\/wp-json\/wp\/v2\/types\/page"}],"author":[{"embeddable":true,"href":"https:\/\/www.toscano-osteopathy.com\/nl\/wp-json\/wp\/v2\/users\/1"}],"replies":[{"embeddable":true,"href":"https:\/\/www.toscano-osteopathy.com\/nl\/wp-json\/wp\/v2\/comments?post=395"}],"version-history":[{"count":14,"href":"https:\/\/www.toscano-osteopathy.com\/nl\/wp-json\/wp\/v2\/pages\/395\/revisions"}],"predecessor-version":[{"id":471,"href":"https:\/\/www.toscano-osteopathy.com\/nl\/wp-json\/wp\/v2\/pages\/395\/revisions\/471"}],"wp:attachment":[{"href":"https:\/\/www.toscano-osteopathy.com\/nl\/wp-json\/wp\/v2\/media?parent=395"}],"curies":[{"name":"wp","href":"https:\/\/api.w.org\/{rel}","templated":true}]}}